{"id":803,"date":"2020-12-14T16:24:12","date_gmt":"2020-12-14T13:24:12","guid":{"rendered":"http:\/\/www.ilkemislamiilimler.com\/?page_id=803"},"modified":"2020-12-14T16:24:13","modified_gmt":"2020-12-14T13:24:13","slug":"tarihcemiz","status":"publish","type":"page","link":"https:\/\/www.ilkemislamiilimler.com\/?page_id=803","title":{"rendered":"Tarih\u00e7emiz"},"content":{"rendered":"\n<p>\u0130LKEM; \u0130lim ve K\u00fclt\u00fcr E\u011fitim Merkezi, \u0130lkse\u00e7 Vakf\u0131 b\u00fcnyesinde yer alan; bir \u201c\u0130slami ilimler\u201d e\u011fitim kurulu\u015fudur.<\/p>\n\n\n\n<p>\u0130LKEM, \u0130lkse\u00e7 vakf\u0131 b\u00fcnyesindeki e\u011fitim kurumlar\u0131ndan biridir. \u0130lkse\u00e7 Vakf\u0131; 1994 y\u0131l\u0131nda, de\u011ferli hocam\u0131z Ali Ulvi UZUNLAR Hocaefendi ve di\u011fer baz\u0131 hocaefendiler \u00f6nc\u00fcl\u00fc\u011f\u00fcnde kurulmu\u015ftur. Vakf\u0131m\u0131z, kurulu\u015fundan bu yana \u00f6zellikle \u0130slami alanda bir\u00e7ok e\u011fitim ve hay\u0131r faaliyetinde bulunmu\u015ftur. Ali Ulvi Uzunlar Hocam\u0131z riyasetinde 2002 y\u0131l\u0131nda Kocatepe cami Kuran Kursu, haf\u0131zl\u0131k e\u011fitimi alan\u0131nda faaliyete ge\u00e7mi\u015f ve pe\u015finden vakfa ba\u011fl\u0131 olarak \u0130stanbul\u2019un bir\u00e7ok il\u00e7esinde haf\u0131zl\u0131k e\u011fitimi veren kurumlar hizmete girmi\u015ftir. Bir yandan haf\u0131zl\u0131k e\u011fitiminde b\u00fcy\u00fck bir ba\u015far\u0131 elde eden vakf\u0131m\u0131z di\u011fer yandan da 2007 y\u0131l\u0131nda haf\u0131zl\u0131\u011f\u0131n\u0131 ikmal eden \u00f6\u011frencilere y\u00f6nelik \u0130slami ilimler e\u011fitimi ve uzaktan e\u011fitim sistemi ile a\u00e7\u0131k lise ve a\u00e7\u0131k ilahiyat e\u011fitimine ba\u015flam\u0131\u015ft\u0131r. Vak\u0131f b\u00fcnyesinde \u0130slami ilimler e\u011fitimi faaliyetleri yap\u0131lan e\u011fitim kurumu \u0130LKEM\u2019dir.<\/p>\n\n\n\n<p>\u0130LKEM ilk olarak 2007 y\u0131l\u0131nda Kocatepe mahallesinde 6 \u00f6\u011frenci ile, bir dairede e\u011fitim faaliyetlerine ba\u015flam\u0131\u015ft\u0131r. Allah\u2019\u0131m\u0131z\u0131n bir l\u00fctfu olarak zamanla talebenin artmas\u0131 ile 2012 y\u0131l\u0131nda Kocatepe mahallesinde in\u015fa edilen, ilim talebesine her y\u00f6n\u00fcyle hizmet eden \u201cEbu Hanife \u0130LKEM\u201d e\u011fitim binas\u0131 ile faaliyetlerini s\u00fcrd\u00fcrm\u00fc\u015ft\u00fcr. 2019 y\u0131l\u0131nda ise; 2002 y\u0131l\u0131nda haf\u0131zl\u0131k e\u011fitimi ile faaliyete ba\u015flayan \u0130lkse\u00e7 vakf\u0131 Kocatepe kuran kursunun, Diyanet i\u015fleri ba\u015fkanl\u0131\u011f\u0131n\u0131n bir projesi olan \u201cKuran\u0131 anlama program\u0131\u201d kapsam\u0131nda \u0130LKEM\u2019e devredilmesi ile; biri Ebu Hanife \u0130lkem, di\u011feri Kocatepe \u0130lkem olmak \u00fczere iki ayr\u0131 e\u011fitim binas\u0131nda hali haz\u0131rda 200\u2019e yak\u0131n talebesi ile \u00fcmmete, millete din ve dava adamlar\u0131 yeti\u015ftirmeye devam etmektedir. &nbsp;<\/p>\n\n\n\n<p>\u0130lkem her ne kadar 2007\u2019de e\u011fitim faaliyetlerine ba\u015flayan bir kurum olarak g\u00f6r\u00fcnse de k\u00f6kleri; Mahmud Efendi hazretleri ve onun hocas\u0131 olan Hac\u0131 Dursun Efendi vas\u0131tas\u0131yla hem be\u015f y\u00fcz y\u0131ll\u0131k ge\u00e7mi\u015fi olan S\u00fcleymaniye medreselerine, hem de d\u00f6rt y\u00fcz y\u0131ll\u0131k ge\u00e7mi\u015fi olan Of medreselerine dayanmaktad\u0131r. \u0130lkem, iki ayr\u0131 ilim nehrinden ald\u0131\u011f\u0131 ruh, maneviyat ve ilm\u00ee birikimle tarih yazma yolunda ilerlemektedir.&nbsp;&nbsp;&nbsp;&nbsp;<\/p>\n\n\n\n<p>&nbsp;&nbsp;&nbsp;&nbsp;&nbsp;&nbsp;&nbsp;&nbsp; &nbsp;&nbsp;&nbsp;&nbsp;&nbsp;&nbsp; \u0130LKSE\u00c7 Vakf\u0131, Kur\u2019\u00e2n hizmetlerinde yakalanan bu h\u0131zl\u0131 ivmeyi, All\u00e2h Te\u00e2l\u00e2\u2019n\u0131n inayetiyle devam ettirecek ve \u00e7ok daha b\u00fcy\u00fck projelere imza atarak \u201cKur\u2019\u00e2n\u2019la Hayat Bulan Nesiller\u201d i\u00e7in gece g\u00fcnd\u00fcz durmaks\u0131z\u0131n \u00e7al\u0131\u015fmay\u0131 bi-iznill\u00e2h s\u00fcrd\u00fcrecektir. Bu ba\u011flamda \u0130LKEM de Allah\u2019\u0131m\u0131z\u0131n izni ve l\u00fctfuyla \u00fcmmetine, milletine fedak\u00e2rca hizmet eden Ehlis\u00fcnnet \u00e7izgisinde din ve dava adamlar\u0131 yeti\u015ftirme yolunda h\u0131z kesmeden ilerleyecektir.<\/p>\n<div class=\"pvc_clear\"><\/div><p id=\"pvc_stats_803\" class=\"pvc_stats total_only  \" data-element-id=\"803\" style=\"\"><i class=\"pvc-stats-icon small\" aria-hidden=\"true\"><svg xmlns=\"http:\/\/www.w3.org\/2000\/svg\" version=\"1.0\" viewBox=\"0 0 502 315\" preserveAspectRatio=\"xMidYMid meet\"><g transform=\"translate(0,332) scale(0.1,-0.1)\" fill=\"\" stroke=\"none\"><path d=\"M2394 3279 l-29 -30 -3 -207 c-2 -182 0 -211 15 -242 39 -76 157 -76 196 0 15 31 17 60 15 243 l-3 209 -33 29 c-26 23 -41 29 -80 29 -41 0 -53 -5 -78 -31z\"\/><path d=\"M3085 3251 c-45 -19 -58 -50 -96 -229 -47 -217 -49 -260 -13 -295 52 -53 146 -42 177 20 16 31 87 366 87 410 0 70 -86 122 -155 94z\"\/><path d=\"M1751 3234 c-13 -9 -29 -31 -37 -50 -12 -29 -10 -49 21 -204 19 -94 39 -189 45 -210 14 -50 54 -80 110 -80 34 0 48 6 76 34 21 21 34 44 34 59 0 14 -18 113 -40 219 -37 178 -43 195 -70 221 -36 32 -101 37 -139 11z\"\/><path d=\"M1163 3073 c-36 -7 -73 -59 -73 -102 0 -56 133 -378 171 -413 34 -32 83 -37 129 -13 70 36 67 87 -16 290 -86 209 -89 214 -129 231 -35 14 -42 15 -82 7z\"\/><path d=\"M3689 3066 c-15 -9 -33 -30 -42 -48 -48 -103 -147 -355 -147 -375 0 -98 131 -148 192 -74 13 15 57 108 97 206 80 196 84 226 37 273 -30 30 -99 39 -137 18z\"\/><path d=\"M583 2784 c-38 -19 -67 -74 -58 -113 9 -42 211 -354 242 -373 16 -10 45 -18 66 -18 51 0 107 52 107 100 0 39 -1 41 -124 234 -80 126 -108 162 -133 173 -41 17 -61 16 -100 -3z\"\/><path d=\"M4250 2784 c-14 -9 -74 -91 -133 -183 -95 -150 -107 -173 -107 -213 0 -55 33 -94 87 -104 67 -13 90 8 211 198 130 202 137 225 78 284 -27 27 -42 34 -72 34 -22 0 -50 -8 -64 -16z\"\/><path d=\"M2275 2693 c-553 -48 -1095 -270 -1585 -649 -135 -104 -459 -423 -483 -476 -23 -49 -22 -139 2 -186 73 -142 361 -457 571 -626 285 -228 642 -407 990 -497 242 -63 336 -73 660 -74 310 0 370 5 595 52 535 111 1045 392 1455 803 122 121 250 273 275 326 19 41 19 137 0 174 -41 79 -309 363 -465 492 -447 370 -946 591 -1479 653 -113 14 -422 18 -536 8z m395 -428 c171 -34 330 -124 456 -258 112 -119 167 -219 211 -378 27 -96 24 -300 -5 -401 -72 -255 -236 -447 -474 -557 -132 -62 -201 -76 -368 -76 -167 0 -236 14 -368 76 -213 98 -373 271 -451 485 -162 444 86 934 547 1084 153 49 292 57 452 25z m909 -232 c222 -123 408 -262 593 -441 76 -74 138 -139 138 -144 0 -16 -233 -242 -330 -319 -155 -123 -309 -223 -461 -299 l-81 -41 32 46 c18 26 49 83 70 128 143 306 141 649 -6 957 -25 52 -61 116 -79 142 l-34 47 45 -20 c26 -10 76 -36 113 -56z m-2057 25 c-40 -58 -105 -190 -130 -263 -110 -324 -59 -707 132 -981 25 -35 42 -64 37 -64 -19 0 -241 119 -326 174 -188 122 -406 314 -532 468 l-58 71 108 103 c185 178 428 349 672 473 66 33 121 60 123 61 2 0 -10 -19 -26 -42z\"\/><path d=\"M2375 1950 c-198 -44 -350 -190 -395 -379 -18 -76 -8 -221 19 -290 114 -284 457 -406 731 -260 98 52 188 154 231 260 27 69 37 214 19 290 -38 163 -166 304 -326 360 -67 23 -215 33 -279 19z\"\/><\/g><\/svg><\/i> <img loading=\"lazy\" decoding=\"async\" width=\"16\" height=\"16\" alt=\"Loading\" src=\"https:\/\/www.ilkemislamiilimler.com\/wp-content\/plugins\/page-views-count\/ajax-loader-2x.gif\" border=0 \/><\/p><div class=\"pvc_clear\"><\/div>","protected":false},"excerpt":{"rendered":"<p>\u0130LKEM; \u0130lim ve K\u00fclt\u00fcr E\u011fitim Merkezi, \u0130lkse\u00e7 Vakf\u0131 b\u00fcnyesinde yer alan; bir \u201c\u0130slami ilimler\u201d e\u011fitim kurulu\u015fudur. \u0130LKEM, \u0130lkse\u00e7 vakf\u0131 b\u00fcnyesindeki e\u011fitim kurumlar\u0131ndan biridir. \u0130lkse\u00e7 Vakf\u0131; 1994 y\u0131l\u0131nda, de\u011ferli hocam\u0131z Ali Ulvi UZUNLAR Hocaefendi ve di\u011fer baz\u0131 hocaefendiler \u00f6nc\u00fcl\u00fc\u011f\u00fcnde kurulmu\u015ftur. Vakf\u0131m\u0131z, kurulu\u015fundan bu yana \u00f6zellikle \u0130slami alanda bir\u00e7ok e\u011fitim ve hay\u0131r faaliyetinde bulunmu\u015ftur. Ali Ulvi Uzunlar [&hellip;]<\/p>\n<div class=\"pvc_clear\"><\/div>\n<p id=\"pvc_stats_803\" class=\"pvc_stats total_only  \" data-element-id=\"803\" style=\"\"><i class=\"pvc-stats-icon small\" aria-hidden=\"true\"><svg xmlns=\"http:\/\/www.w3.org\/2000\/svg\" version=\"1.0\" viewBox=\"0 0 502 315\" preserveAspectRatio=\"xMidYMid meet\"><g transform=\"translate(0,332) scale(0.1,-0.1)\" fill=\"\" stroke=\"none\"><path d=\"M2394 3279 l-29 -30 -3 -207 c-2 -182 0 -211 15 -242 39 -76 157 -76 196 0 15 31 17 60 15 243 l-3 209 -33 29 c-26 23 -41 29 -80 29 -41 0 -53 -5 -78 -31z\"\/><path d=\"M3085 3251 c-45 -19 -58 -50 -96 -229 -47 -217 -49 -260 -13 -295 52 -53 146 -42 177 20 16 31 87 366 87 410 0 70 -86 122 -155 94z\"\/><path d=\"M1751 3234 c-13 -9 -29 -31 -37 -50 -12 -29 -10 -49 21 -204 19 -94 39 -189 45 -210 14 -50 54 -80 110 -80 34 0 48 6 76 34 21 21 34 44 34 59 0 14 -18 113 -40 219 -37 178 -43 195 -70 221 -36 32 -101 37 -139 11z\"\/><path d=\"M1163 3073 c-36 -7 -73 -59 -73 -102 0 -56 133 -378 171 -413 34 -32 83 -37 129 -13 70 36 67 87 -16 290 -86 209 -89 214 -129 231 -35 14 -42 15 -82 7z\"\/><path d=\"M3689 3066 c-15 -9 -33 -30 -42 -48 -48 -103 -147 -355 -147 -375 0 -98 131 -148 192 -74 13 15 57 108 97 206 80 196 84 226 37 273 -30 30 -99 39 -137 18z\"\/><path d=\"M583 2784 c-38 -19 -67 -74 -58 -113 9 -42 211 -354 242 -373 16 -10 45 -18 66 -18 51 0 107 52 107 100 0 39 -1 41 -124 234 -80 126 -108 162 -133 173 -41 17 -61 16 -100 -3z\"\/><path d=\"M4250 2784 c-14 -9 -74 -91 -133 -183 -95 -150 -107 -173 -107 -213 0 -55 33 -94 87 -104 67 -13 90 8 211 198 130 202 137 225 78 284 -27 27 -42 34 -72 34 -22 0 -50 -8 -64 -16z\"\/><path d=\"M2275 2693 c-553 -48 -1095 -270 -1585 -649 -135 -104 -459 -423 -483 -476 -23 -49 -22 -139 2 -186 73 -142 361 -457 571 -626 285 -228 642 -407 990 -497 242 -63 336 -73 660 -74 310 0 370 5 595 52 535 111 1045 392 1455 803 122 121 250 273 275 326 19 41 19 137 0 174 -41 79 -309 363 -465 492 -447 370 -946 591 -1479 653 -113 14 -422 18 -536 8z m395 -428 c171 -34 330 -124 456 -258 112 -119 167 -219 211 -378 27 -96 24 -300 -5 -401 -72 -255 -236 -447 -474 -557 -132 -62 -201 -76 -368 -76 -167 0 -236 14 -368 76 -213 98 -373 271 -451 485 -162 444 86 934 547 1084 153 49 292 57 452 25z m909 -232 c222 -123 408 -262 593 -441 76 -74 138 -139 138 -144 0 -16 -233 -242 -330 -319 -155 -123 -309 -223 -461 -299 l-81 -41 32 46 c18 26 49 83 70 128 143 306 141 649 -6 957 -25 52 -61 116 -79 142 l-34 47 45 -20 c26 -10 76 -36 113 -56z m-2057 25 c-40 -58 -105 -190 -130 -263 -110 -324 -59 -707 132 -981 25 -35 42 -64 37 -64 -19 0 -241 119 -326 174 -188 122 -406 314 -532 468 l-58 71 108 103 c185 178 428 349 672 473 66 33 121 60 123 61 2 0 -10 -19 -26 -42z\"\/><path d=\"M2375 1950 c-198 -44 -350 -190 -395 -379 -18 -76 -8 -221 19 -290 114 -284 457 -406 731 -260 98 52 188 154 231 260 27 69 37 214 19 290 -38 163 -166 304 -326 360 -67 23 -215 33 -279 19z\"\/><\/g><\/svg><\/i> <img loading=\"lazy\" decoding=\"async\" width=\"16\" height=\"16\" alt=\"Loading\" src=\"https:\/\/www.ilkemislamiilimler.com\/wp-content\/plugins\/page-views-count\/ajax-loader-2x.gif\" border=0 \/><\/p>\n<div class=\"pvc_clear\"><\/div>\n","protected":false},"author":1,"featured_media":0,"parent":0,"menu_order":0,"comment_status":"closed","ping_status":"closed","template":"","meta":{"om_disable_all_campaigns":false,"_monsterinsights_skip_tracking":false,"_monsterinsights_sitenote_active":false,"_monsterinsights_sitenote_note":"","_monsterinsights_sitenote_category":0,"footnotes":""},"class_list":["post-803","page","type-page","status-publish","hentry"],"aioseo_notices":[],"jetpack_sharing_enabled":true,"_links":{"self":[{"href":"https:\/\/www.ilkemislamiilimler.com\/index.php?rest_route=\/wp\/v2\/pages\/803","targetHints":{"allow":["GET"]}}],"collection":[{"href":"https:\/\/www.ilkemislamiilimler.com\/index.php?rest_route=\/wp\/v2\/pages"}],"about":[{"href":"https:\/\/www.ilkemislamiilimler.com\/index.php?rest_route=\/wp\/v2\/types\/page"}],"author":[{"embeddable":true,"href":"https:\/\/www.ilkemislamiilimler.com\/index.php?rest_route=\/wp\/v2\/users\/1"}],"replies":[{"embeddable":true,"href":"https:\/\/www.ilkemislamiilimler.com\/index.php?rest_route=%2Fwp%2Fv2%2Fcomments&post=803"}],"version-history":[{"count":1,"href":"https:\/\/www.ilkemislamiilimler.com\/index.php?rest_route=\/wp\/v2\/pages\/803\/revisions"}],"predecessor-version":[{"id":804,"href":"https:\/\/www.ilkemislamiilimler.com\/index.php?rest_route=\/wp\/v2\/pages\/803\/revisions\/804"}],"wp:attachment":[{"href":"https:\/\/www.ilkemislamiilimler.com\/index.php?rest_route=%2Fwp%2Fv2%2Fmedia&parent=803"}],"curies":[{"name":"wp","href":"https:\/\/api.w.org\/{rel}","templated":true}]}}